{"id":13,"date":"2024-05-21T18:22:26","date_gmt":"2024-05-21T18:22:26","guid":{"rendered":"http:\/\/liebes-patriarchat.de\/?page_id=13"},"modified":"2024-07-27T11:52:40","modified_gmt":"2024-07-27T11:52:40","slug":"13-2","status":"publish","type":"page","link":"http:\/\/liebes-patriarchat.de\/","title":{"rendered":""},"content":{"rendered":"<h3><strong>Neuerscheinung Mai 2024<\/strong><\/h3>\n<p><a href=\"http:\/\/liebes-patriarchat.de\/wp-content\/uploads\/2024\/05\/Buchcover-Liebes-Patriarchat-Kopie.jpg\" target=\"_blank\" rel=\"noopener\"><img loading=\"lazy\" decoding=\"async\" class=\"alignnone wp-image-23\" src=\"http:\/\/liebes-patriarchat.de\/wp-content\/uploads\/2024\/05\/Buchcover-Liebes-Patriarchat-Kopie.jpg\" alt=\"\" width=\"316\" height=\"500\" srcset=\"http:\/\/liebes-patriarchat.de\/wp-content\/uploads\/2024\/05\/Buchcover-Liebes-Patriarchat-Kopie.jpg 886w, http:\/\/liebes-patriarchat.de\/wp-content\/uploads\/2024\/05\/Buchcover-Liebes-Patriarchat-Kopie-190x300.jpg 190w, http:\/\/liebes-patriarchat.de\/wp-content\/uploads\/2024\/05\/Buchcover-Liebes-Patriarchat-Kopie-648x1024.jpg 648w, http:\/\/liebes-patriarchat.de\/wp-content\/uploads\/2024\/05\/Buchcover-Liebes-Patriarchat-Kopie-768x1214.jpg 768w\" sizes=\"auto, (max-width: 316px) 100vw, 316px\" \/><\/a><\/p>\n<h1>Briefe an das Patriarchat<\/h1>\n<h4>Eine k\u00e4mpferische Anthologie gegen ein ungerechtes System<\/h4>\n<p>Die Anthologie \u201eLiebes Patriarchat,\u201c versammelt 18 Briefe an das Patriarchat, die so unterschiedlich wie ihre Verfasser_innen sind. Auf diese Weise erhalten die Leser_innen eine sehr abwechslungsreiche Gelegenheit, ganz unterschiedliche, brandaktuelle Perspektiven in Bezug auf das Patriarchat zu erleben. Die Texte sind mal k\u00e4mpferisch, mal nachdenklich und reflektierend, sie sind mal mit gr\u00f6\u00dftem Ernst geschrieben, mal vor Sarkasmus triefend und bilden verschiedenste Blickwinkel, pers\u00f6nliche Erfahrungen und Gef\u00fchle ab.<\/p>\n<p>Das innovative Format, einen Brief an das Patriarchat zu schreiben, gibt den Texten eine sehr pers\u00f6nliche und private Note. In den Briefen offenbaren sich die Verfasser_innen und formulieren Erinnerungen, Erkenntnisse, W\u00fcnsche und Forderungen. Die\u00a0 Briefschreiber_innen unterscheiden sich sehr in ihren Lebensrealit\u00e4ten: Sie sind unterschiedlichen Alters, identifizieren sich mit diversen Geschlechtsidentit\u00e4ten, haben verschiedene oder keine Glaubensrichtungen und lieben Menschen verschiedener Geschlechter &#8211; um nur ein paar Kriterien zu nennen.<\/p>\n<p>Aber eine Sache haben sie alle gemeinsam: Sie haben alle eine Meinung zum Patriarchat und wollen diese teilen. In einem Buch geb\u00fcndelt entwickeln diese 18 Texte eine enorme Kraft und regen zum Nachdenken an. Illustriert sind sie mit einer thematisch inspirierten Fotostrecke. Es braucht Mut, will man geschlechterspezifische Strukturen ver\u00e4ndern, die nicht mehr zeitgem\u00e4\u00df sind. Was kann da helfen?<\/p>\n<p>Aufkl\u00e4rung, Dialog, Erkenntnisgewinn, ein Miteinander statt Gegeneinander der Geschlechter \u2013 so wie es die gro\u00dfe Mehrheit der Menschen lebt. Die 2002 in Freiburg geborene Herausgeberin Pauline Fa\u00dfbender hat 2022 in ihrer Heimatstadt das Abitur gemacht. In der darauffolgenden Zeit war sie Mitglied des Spielzeitteams am Theater Tempus fugit in L\u00f6rrach, arbeitete als\u00a0 Regieassistentin am Theater Transit in Darmstadt und absolvierte ein Praktikum am Theater Freiburg.<\/p>\n<p>Das Buch \u201eLiebes Patriarchat,\u201c ist p\u00fcnktlich zur freiBUCH, der ersten Buchmesse Freiburgs erschienen. In diesem Rahmen fand am Sonntag, 05. Mai.2024, eine Lesung mit der Herausgeberin und einzelnen Autor_innen der Anthologie statt. Aufgrund dieses zeitlichen Arrangements der Ver\u00f6ffentlichung hat das Buch bisher noch keinen Verlag und keine ISBN und ist vorerst exklusiv in zwei Freiburger Buchhandlungen erh\u00e4ltlich.<\/p>\n<p><strong><em>Pauline Fa\u00dfbender (Hrsgin) \u2013 \u201eLiebes Patriarchat,\u201c, 150 Seiten, fotografisch illustriert, \u20ac 10,-<\/em><\/strong><\/p>\n","protected":false},"excerpt":{"rendered":"<p>Neuerscheinung Mai 2024 Briefe an das Patriarchat Eine k\u00e4mpferische Anthologie gegen ein ungerechtes System Die Anthologie \u201eLiebes Patriarchat,\u201c versammelt 18 [&hellip;]<\/p>\n","protected":false},"author":1,"featured_media":0,"parent":0,"menu_order":0,"comment_status":"closed","ping_status":"closed","template":"","meta":{"site-sidebar-layout":"default","site-content-layout":"","ast-site-content-layout":"default","site-content-style":"default","site-sidebar-style":"default","ast-global-header-display":"","ast-banner-title-visibility":"","ast-main-header-display":"","ast-hfb-above-header-display":"","ast-hfb-below-header-display":"","ast-hfb-mobile-header-display":"","site-post-title":"","ast-breadcrumbs-content":"","ast-featured-img":"","footer-sml-layout":"","theme-transparent-header-meta":"default","adv-header-id-meta":"","stick-header-meta":"","header-above-stick-meta":"","header-main-stick-meta":"","header-below-stick-meta":"","astra-migrate-meta-layouts":"set","ast-page-background-enabled":"default","ast-page-background-meta":{"desktop":{"background-color":"var(--ast-global-color-4)","background-image":"","background-repeat":"repeat","background-position":"center center","background-size":"auto","background-attachment":"scroll","background-type":"","background-media":"","overlay-type":"","overlay-color":"","overlay-gradient":""},"tablet":{"background-color":"","background-image":"","background-repeat":"repeat","background-position":"center center","background-size":"auto","background-attachment":"scroll","background-type":"","background-media":"","overlay-type":"","overlay-color":"","overlay-gradient":""},"mobile":{"background-color":"","background-image":"","background-repeat":"repeat","background-position":"center center","background-size":"auto","background-attachment":"scroll","background-type":"","background-media":"","overlay-type":"","overlay-color":"","overlay-gradient":""}},"ast-content-background-meta":{"desktop":{"background-color":"var(--ast-global-color-5)","background-image":"","background-repeat":"repeat","background-position":"center center","background-size":"auto","background-attachment":"scroll","background-type":"","background-media":"","overlay-type":"","overlay-color":"","overlay-gradient":""},"tablet":{"background-color":"var(--ast-global-color-5)","background-image":"","background-repeat":"repeat","background-position":"center center","background-size":"auto","background-attachment":"scroll","background-type":"","background-media":"","overlay-type":"","overlay-color":"","overlay-gradient":""},"mobile":{"background-color":"var(--ast-global-color-5)","background-image":"","background-repeat":"repeat","background-position":"center center","background-size":"auto","background-attachment":"scroll","background-type":"","background-media":"","overlay-type":"","overlay-color":"","overlay-gradient":""}},"footnotes":""},"class_list":["post-13","page","type-page","status-publish","hentry"],"_links":{"self":[{"href":"http:\/\/liebes-patriarchat.de\/index.php\/wp-json\/wp\/v2\/pages\/13","targetHints":{"allow":["GET"]}}],"collection":[{"href":"http:\/\/liebes-patriarchat.de\/index.php\/wp-json\/wp\/v2\/pages"}],"about":[{"href":"http:\/\/liebes-patriarchat.de\/index.php\/wp-json\/wp\/v2\/types\/page"}],"author":[{"embeddable":true,"href":"http:\/\/liebes-patriarchat.de\/index.php\/wp-json\/wp\/v2\/users\/1"}],"replies":[{"embeddable":true,"href":"http:\/\/liebes-patriarchat.de\/index.php\/wp-json\/wp\/v2\/comments?post=13"}],"version-history":[{"count":21,"href":"http:\/\/liebes-patriarchat.de\/index.php\/wp-json\/wp\/v2\/pages\/13\/revisions"}],"predecessor-version":[{"id":80,"href":"http:\/\/liebes-patriarchat.de\/index.php\/wp-json\/wp\/v2\/pages\/13\/revisions\/80"}],"wp:attachment":[{"href":"http:\/\/liebes-patriarchat.de\/index.php\/wp-json\/wp\/v2\/media?parent=13"}],"curies":[{"name":"wp","href":"https:\/\/api.w.org\/{rel}","templated":true}]}}